{"id":982,"date":"2018-07-09T12:51:51","date_gmt":"2018-07-09T12:51:51","guid":{"rendered":"https:\/\/nutylac.com.br\/site\/?page_id=982"},"modified":"2022-12-19T13:43:34","modified_gmt":"2022-12-19T16:43:34","slug":"quemsomos","status":"publish","type":"page","link":"https:\/\/nutylac.com.br\/site\/quemsomos\/","title":{"rendered":"Quem Somos"},"content":{"rendered":"<div id=\"dslc-theme-content\"><div id=\"dslc-theme-content-inner\"><div class=\"wpb-content-wrapper\"><p>[vc_row full_width=&#8221;stretch_row&#8221; hide_bg_image_on_tablet=&#8221;&#8221; hide_bg_image_on_mobile=&#8221;&#8221; el_class=&#8221;z-index&#8221; css=&#8221;.vc_custom_1533554425378{background-image: url(https:\/\/nutylac.com.br\/site\/wp-content\/uploads\/2018\/08\/pattent-white-top.png?id=1159) !important;background-position: bottom left !important;background-repeat: no-repeat !important;}&#8221;][vc_column icons_position=&#8221;left&#8221;][vc_empty_space height=&#8221;6.4rem&#8221; alter_height=&#8221;none&#8221; hide_on_desktop=&#8221;&#8221; hide_on_notebook=&#8221;&#8221; hide_on_tablet=&#8221;&#8221; hide_on_mobile=&#8221;1&#8243;][vc_empty_space height=&#8221;4rem&#8221; alter_height=&#8221;none&#8221; hide_on_desktop=&#8221;1&#8243; hide_on_notebook=&#8221;1&#8243; hide_on_tablet=&#8221;1&#8243; hide_on_mobile=&#8221;&#8221;]<div  \n\tclass=\"sc_promo sc_promo_default sc_promo_size_normal sc_promo_no_paddings sc_promo_image_position_right\"><div class=\"sc_promo_image\" style=\"background-image:url(https:\/\/nutylac.com.br\/site\/wp-content\/uploads\/2022\/12\/fundo2.jpg);width:40%;right: 0;\"><\/div><div class=\"sc_promo_text\" style=\"width: 60%;float: left;\">\n\t\t\t<div class=\"sc_promo_text_inner\"><h2 class=\"sc_item_title sc_promo_title sc_align_left sc_item_title_style_default sc_item_title_tag\">Nossa Hist\u00f3ria<\/h2><h6 class=\"sc_item_subtitle sc_promo_subtitle sc_align_left sc_item_title_style_default\">Tradi\u00e7\u00e3o e Qualidade<\/h6><div class=\"sc_item_descr sc_promo_descr sc_align_left\"><p>A \u201cNutylac\u201d est\u00e1 localizada na cidade de Sorocaba \u2013 SP \u00e9 uma empresa produtora de alimentos formulados em p\u00f3. Foi fundada em outubro de 1998, em seu in\u00edcio fornecia produtos somente para hospitais, com o decorrer do tempo expandiu seu leque para empresas terceirizadas da merenda escolar, Funda\u00e7\u00f5es casa e centros terap\u00eauticos.<br \/>\nSeus principais produtos s\u00e3o: Bebidas L\u00e1cteas, Achocolatados, Pudins, Gelatinas, entre outras sobremesas.<\/p>\n<\/div><\/div>\n\t\t<\/div><\/div>[vc_empty_space height=&#8221;7.5em&#8221; alter_height=&#8221;none&#8221; hide_on_desktop=&#8221;&#8221; hide_on_notebook=&#8221;&#8221; hide_on_tablet=&#8221;&#8221; hide_on_mobile=&#8221;&#8221;][\/vc_column][\/vc_row][vc_row full_width=&#8221;stretch_row&#8221; hide_bg_image_on_tablet=&#8221;&#8221; hide_bg_image_on_mobile=&#8221;&#8221; css=&#8221;.vc_custom_1671467541071{margin-top: -20px !important;background-color: #091072 !important;}&#8221;][vc_column icons_position=&#8221;left&#8221;][vc_empty_space height=&#8221;5.5em&#8221; alter_height=&#8221;none&#8221; hide_on_desktop=&#8221;&#8221; hide_on_notebook=&#8221;&#8221; hide_on_tablet=&#8221;&#8221; hide_on_mobile=&#8221;&#8221;]<div id=\"\"\n\t\tclass=\"sc_title color_style_dark sc_title_default\"><h2 class=\"sc_item_title sc_title_title sc_align_center sc_item_title_style_default sc_item_title_tag\">Nossa Miss\u00e3o, Vis\u00e3o e Valores<\/h2><\/div><!-- \/.sc_title -->[vc_empty_space height=&#8221;3.8em&#8221; alter_height=&#8221;none&#8221; hide_on_desktop=&#8221;&#8221; hide_on_notebook=&#8221;&#8221; hide_on_tablet=&#8221;&#8221; hide_on_mobile=&#8221;&#8221;][\/vc_column][\/vc_row][vc_row full_width=&#8221;stretch_row&#8221; hide_bg_image_on_tablet=&#8221;&#8221; hide_bg_image_on_mobile=&#8221;&#8221; shape_divider_top_front=&#8221;&#8221; shape_divider_bottom_front=&#8221;&#8221; row_delimiter=&#8221;&#8221; hide_on_desktop=&#8221;&#8221; hide_on_notebook=&#8221;&#8221; hide_on_tablet=&#8221;&#8221; hide_on_mobile=&#8221;&#8221; hide_on_frontpage=&#8221;&#8221; css=&#8221;.vc_custom_1671467557336{background-color: #091072 !important;}&#8221;][vc_column width=&#8221;1\/6&#8243; icons_position=&#8221;left&#8221;][\/vc_column][vc_column width=&#8221;2\/3&#8243; icons_position=&#8221;left&#8221;][vc_tta_accordion c_icon=&#8221;chevron&#8221; c_position=&#8221;right&#8221; active_section=&#8221;1&#8243;][vc_tta_section title=&#8221;Miss\u00e3o&#8221; tab_id=&#8221;1531144387056-26f8c80d-7082&#8243;][vc_column_text]Fornecer produtos formulados em p\u00f3 diferenciados no sabor e na qualidade, que d\u00eaem praticidade e lucratividade ao neg\u00f3cio de nossos clientes, al\u00e9m de prestar um servi\u00e7o de atendimento e log\u00edstica r\u00e1pido e sem burocracia.[\/vc_column_text][\/vc_tta_section][vc_tta_section title=&#8221;Vis\u00e3o&#8221; tab_id=&#8221;1531144478989-2b2d6431-2ef3&#8243;][vc_column_text]Ser uma empresa reconhecida pela qualidade de seus produtos; orienta\u00e7\u00e3o para o mercado; estrutura leve e \u00e1gil; capacidade de realizar parcerias; rentabilidade; responsabilidade s\u00f3cia; e conduta \u00e9tica.[\/vc_column_text][\/vc_tta_section][vc_tta_section title=&#8221;Valores&#8221; tab_id=&#8221;1531145051853-9b138cb9-a197&#8243;][vc_column_text]Somos uma empresa que prioriza a \u00e9tica em todos os aspectos dos nossos neg\u00f3cios.<\/p>\n<p>Nosso sucesso depende da satisfa\u00e7\u00e3o dos nossos clientes. Buscamos entender suas necessidades e os tratamos como parceiros no desenvolvimento dos nossos neg\u00f3cios.<\/p>\n<p>Priorizamos a qualidade de nossos produtos, sem deixar que os esfor\u00e7os de aumento de produtividade afetem a nossa qualidade.<\/p>\n<p>Nossos colaboradores s\u00e3o tratados como seres humanos, que t\u00eam defeitos e que podem cometer erros. S\u00e3o bastante exigidos e cobrados, mas oferecemos antes de tudo, um bom ambiente de trabalho, que os fa\u00e7a sentirem-se em casa durante a jornada de trabalho.<\/p>\n<p>Agilidade e praticidade no atendimento ao cliente. Descomplicamos todos os processos que envolvem as entregas de nossos produtos, evitando, ao m\u00e1ximo, que nossos clientes venham a perder vendas por falta dos mesmos em seu estoque. Excel\u00eancia no atendimento e satisfa\u00e7\u00e3o do cliente \u00e9 caracter\u00edstica da Nutylac.[\/vc_column_text][\/vc_tta_section][\/vc_tta_accordion][vc_empty_space height=&#8221;6.8em&#8221; alter_height=&#8221;none&#8221; hide_on_desktop=&#8221;&#8221; hide_on_notebook=&#8221;&#8221; hide_on_tablet=&#8221;&#8221; hide_on_mobile=&#8221;&#8221;][\/vc_column][vc_column width=&#8221;1\/6&#8243; icons_position=&#8221;left&#8221;][\/vc_column][\/vc_row][vc_row][vc_column icons_position=&#8221;left&#8221;]<div id=\"sc_googlemap_1397480032_wrap\" class=\"sc_googlemap_wrap\"><div id=\"sc_googlemap_1397480032\"\t\t\tclass=\"sc_item_content sc_map sc_googlemap sc_googlemap_default trx_addons_inline_1328170932\"\n\t\t\t\t\t\tdata-zoom=\"14\"\n\t\t\tdata-center=\"\"\n\t\t\tdata-style=\"default\"\n\t\t\tdata-map-id=\"\"\n\t\t\tdata-cluster-icon=\"\"\n\t\t\t><iframe\n\t\t\t\t\t\tsrc=\"https:\/\/maps.google.com\/maps?t=m&output=embed&iwloc=near&z=14&q=Av.+Fernando+Stecca%2C+467+-+Iporanga%2C+Sorocaba+-+SP+-+CEP+18087-149\"\n\t\t\t\t\t\taria-label=\"One\"><\/iframe><\/div><\/div>[\/vc_column][\/vc_row]<\/p>\n<\/div><\/div><\/div>","protected":false},"excerpt":{"rendered":"<p>[vc_row full_width=&#8221;stretch_row&#8221; hide_bg_image_on_tablet=&#8221;&#8221; hide_bg_image_on_mobile=&#8221;&#8221; el_class=&#8221;z-index&#8221; css=&#8221;.vc_custom_1533554425378{background-image: url(https:\/\/nutylac.com.br\/site\/wp-content\/uploads\/2018\/08\/pattent-white-top.png?id=1159) !important;background-position: bottom left !important;background-repeat: no-repeat !important;}&#8221;][vc_column icons_position=&#8221;left&#8221;][vc_empty_space height=&#8221;6.4rem&#8221; alter_height=&#8221;none&#8221; hide_on_desktop=&#8221;&#8221; hide_on_notebook=&#8221;&#8221; hide_on_tablet=&#8221;&#8221; hide_on_mobile=&#8221;1&#8243;][vc_empty_space&hellip;<\/p>\n","protected":false},"author":1,"featured_media":0,"parent":0,"menu_order":0,"comment_status":"closed","ping_status":"closed","template":"","meta":{"footnotes":""},"class_list":["post-982","page","type-page","status-publish","hentry"],"_links":{"self":[{"href":"https:\/\/nutylac.com.br\/site\/wp-json\/wp\/v2\/pages\/982","targetHints":{"allow":["GET"]}}],"collection":[{"href":"https:\/\/nutylac.com.br\/site\/wp-json\/wp\/v2\/pages"}],"about":[{"href":"https:\/\/nutylac.com.br\/site\/wp-json\/wp\/v2\/types\/page"}],"author":[{"embeddable":true,"href":"https:\/\/nutylac.com.br\/site\/wp-json\/wp\/v2\/users\/1"}],"replies":[{"embeddable":true,"href":"https:\/\/nutylac.com.br\/site\/wp-json\/wp\/v2\/comments?post=982"}],"version-history":[{"count":15,"href":"https:\/\/nutylac.com.br\/site\/wp-json\/wp\/v2\/pages\/982\/revisions"}],"predecessor-version":[{"id":1564,"href":"https:\/\/nutylac.com.br\/site\/wp-json\/wp\/v2\/pages\/982\/revisions\/1564"}],"wp:attachment":[{"href":"https:\/\/nutylac.com.br\/site\/wp-json\/wp\/v2\/media?parent=982"}],"curies":[{"name":"wp","href":"https:\/\/api.w.org\/{rel}","templated":true}]}}